{"id":242,"date":"2023-01-20T08:05:22","date_gmt":"2023-01-20T08:05:22","guid":{"rendered":"https:\/\/tcn-mauritanie.com\/?page_id=242"},"modified":"2024-08-20T01:36:54","modified_gmt":"2024-08-20T01:36:54","slug":"offre-demplois","status":"publish","type":"page","link":"https:\/\/tcn-mauritanie.com\/index.php\/offre-demplois\/","title":{"rendered":"Offre d&#8217;emplois"},"content":{"rendered":"<p>[et_pb_section fb_built=\u00a0\u00bb1&Prime; _builder_version=\u00a0\u00bb4.7.7&Prime; _module_preset=\u00a0\u00bbdefault\u00a0\u00bb][et_pb_row _builder_version=\u00a0\u00bb4.7.7&Prime; _module_preset=\u00a0\u00bbdefault\u00a0\u00bb column_structure=\u00a0\u00bb1_5,3_5,1_5&Prime;][et_pb_column _builder_version=\u00a0\u00bb4.7.7&Prime; _module_preset=\u00a0\u00bbdefault\u00a0\u00bb type=\u00a0\u00bb1_5&Prime;][\/et_pb_column][et_pb_column _builder_version=\u00a0\u00bb4.7.7&Prime; _module_preset=\u00a0\u00bbdefault\u00a0\u00bb type=\u00a0\u00bb3_5&Prime;][et_pb_text _builder_version=\u00a0\u00bb4.7.7&Prime; _module_preset=\u00a0\u00bbdefault\u00a0\u00bb hover_enabled=\u00a0\u00bb0&Prime; sticky_enabled=\u00a0\u00bb0&Prime;]<\/p>\n<h1>Offre d&#8217;emplois :<\/h1>\n<p>[\/et_pb_text][et_pb_text _builder_version=\u00a0\u00bb4.7.7&Prime; _module_preset=\u00a0\u00bbdefault\u00a0\u00bb hover_enabled=\u00a0\u00bb0&Prime; sticky_enabled=\u00a0\u00bb0&Prime;]<\/p>\n<table>\n<tbody>\n<tr>\n<td><strong>TCN-DT-SECTION ATELIER-FP-Superviseur Atelier<\/strong><\/td>\n<td style=\"text-align: center;\">\n<p class=\"LC20lb MBeuO DKV0Md\"><span style=\"font-size: inherit;\"><a href=\"https:\/\/tcn-mauritanie.com\/wp-content\/uploads\/2024\/08\/TCN-DT-SECTION-ATELIER-FP-Superviseur-Atelier.pdf\"><span style=\"font-family: inherit;\">T\u00e9l\u00e9charger<\/span><\/a><\/span><\/p>\n<\/td>\n<\/tr>\n<tr>\n<td><strong>TCN-DT-SECTION ATELIER-FP-Technicien Electricien<\/strong><\/td>\n<td><a href=\"https:\/\/tcn-mauritanie.com\/wp-content\/uploads\/2024\/08\/TCN-DT-SECTION-ATELIER-FP-Technicien-Electricien.pdf\">T\u00e9l\u00e9charger<\/a><\/td>\n<\/tr>\n<tr>\n<td><strong>TCN-DT-SECTION GRUES-FP-Senior Ingenieur Mecanique Grues<\/strong><\/td>\n<td><a href=\"https:\/\/tcn-mauritanie.com\/wp-content\/uploads\/2024\/08\/TCN-DT-SECTION-ATELIER-FP-Technicien-Electricien.pdf\">T\u00e9l\u00e9charger<\/a><\/td>\n<\/tr>\n<tr>\n<td><strong>TCN-DT-SECTION GRUES-FP-Senior Ingenieur Electrique Grues<\/strong><\/td>\n<td><a href=\"https:\/\/tcn-mauritanie.com\/wp-content\/uploads\/2024\/08\/TCN-DT-SECTION-GRUES-FP-Senior-Ingenieur-Electrique-Grues.pdf\">T\u00e9l\u00e9charger<\/a><\/td>\n<\/tr>\n<tr>\n<td><strong>TCN-DT-SECTION GRUES-FP-Superviseur Mecanique<\/strong><\/td>\n<td><a href=\"https:\/\/tcn-mauritanie.com\/wp-content\/uploads\/2024\/08\/TCN-DT-SECTION-GRUES-FP-Superviseur-Mecanique.pdf\">T\u00e9l\u00e9charger<\/a><\/td>\n<\/tr>\n<tr>\n<td><strong>TCN-DT-SECTION GRUES-FP-Technicien Electricien<\/strong><\/td>\n<td><a href=\"https:\/\/tcn-mauritanie.com\/wp-content\/uploads\/2024\/08\/TCN-DT-SECTION-GRUES-FP-Technicien-Electricien.pdf\">T\u00e9l\u00e9charger<\/a><\/td>\n<\/tr>\n<tr>\n<td><strong>TCN-DT-SECTION GRUES-FP-Technicien Mecanicien<\/strong><\/td>\n<td><a href=\"https:\/\/tcn-mauritanie.com\/wp-content\/uploads\/2024\/08\/TCN-DT-SECTION-GRUES-FP-Technicien-Mecanicien.pdf\">T\u00e9l\u00e9charger<\/a><\/td>\n<\/tr>\n<\/tbody>\n<\/table>\n<p>[\/et_pb_text][et_pb_button button_text=\u00a0\u00bbRetour\u00a0\u00bb _builder_version=\u00a0\u00bb4.7.7&Prime; _module_preset=\u00a0\u00bbdefault\u00a0\u00bb custom_button=\u00a0\u00bbon\u00a0\u00bb button_icon_placement=\u00a0\u00bbleft\u00a0\u00bb button_icon=\u00a0\u00bb%%23%%\u00a0\u00bb button_icon_color=\u00a0\u00bb#7CDA24&Prime; button_border_color=\u00a0\u00bb#7CDA24&Prime; hover_enabled=\u00a0\u00bb0&Prime; sticky_enabled=\u00a0\u00bb0&Prime; button_url=\u00a0\u00bbhttps:\/\/tcn-mauritanie.com\/\u00a0\u00bb][\/et_pb_button][dsm_button _builder_version=\u00a0\u00bb4.7.7&Prime; _module_preset=\u00a0\u00bbdefault\u00a0\u00bb hover_enabled=\u00a0\u00bb0&Prime; sticky_enabled=\u00a0\u00bb0&Prime;][\/dsm_button][\/et_pb_column][et_pb_column _builder_version=\u00a0\u00bb4.7.7&Prime; _module_preset=\u00a0\u00bbdefault\u00a0\u00bb type=\u00a0\u00bb1_5&Prime;][\/et_pb_column][\/et_pb_row][\/et_pb_section]<\/p>\n","protected":false},"excerpt":{"rendered":"<p>[et_pb_section fb_built=\u00a0\u00bb1&Prime; _builder_version=\u00a0\u00bb4.7.7&Prime; _module_preset=\u00a0\u00bbdefault\u00a0\u00bb][et_pb_row _builder_version=\u00a0\u00bb4.7.7&Prime; _module_preset=\u00a0\u00bbdefault\u00a0\u00bb column_structure=\u00a0\u00bb1_5,3_5,1_5&Prime;][et_pb_column _builder_version=\u00a0\u00bb4.7.7&Prime; _module_preset=\u00a0\u00bbdefault\u00a0\u00bb type=\u00a0\u00bb1_5&Prime;][\/et_pb_column][et_pb_column _builder_version=\u00a0\u00bb4.7.7&Prime; _module_preset=\u00a0\u00bbdefault\u00a0\u00bb type=\u00a0\u00bb3_5&Prime;][et_pb_text _builder_version=\u00a0\u00bb4.7.7&Prime; _module_preset=\u00a0\u00bbdefault\u00a0\u00bb hover_enabled=\u00a0\u00bb0&Prime; sticky_enabled=\u00a0\u00bb0&Prime;] Offre d&#8217;emplois : [\/et_pb_text][et_pb_text _builder_version=\u00a0\u00bb4.7.7&Prime; _module_preset=\u00a0\u00bbdefault\u00a0\u00bb hover_enabled=\u00a0\u00bb0&Prime; sticky_enabled=\u00a0\u00bb0&Prime;] TCN-DT-SECTION ATELIER-FP-Superviseur Atelier T\u00e9l\u00e9charger TCN-DT-SECTION ATELIER-FP-Technicien Electricien T\u00e9l\u00e9charger TCN-DT-SECTION GRUES-FP-Senior Ingenieur Mecanique Grues T\u00e9l\u00e9charger TCN-DT-SECTION GRUES-FP-Senior Ingenieur Electrique Grues T\u00e9l\u00e9charger TCN-DT-SECTION GRUES-FP-Superviseur Mecanique T\u00e9l\u00e9charger TCN-DT-SECTION GRUES-FP-Technicien Electricien T\u00e9l\u00e9charger TCN-DT-SECTION GRUES-FP-Technicien [&hellip;]<\/p>\n","protected":false},"author":1,"featured_media":0,"parent":0,"menu_order":0,"comment_status":"closed","ping_status":"closed","template":"","meta":{"_et_pb_use_builder":"on","_et_pb_old_content":"","_et_gb_content_width":""},"_links":{"self":[{"href":"https:\/\/tcn-mauritanie.com\/index.php\/wp-json\/wp\/v2\/pages\/242"}],"collection":[{"href":"https:\/\/tcn-mauritanie.com\/index.php\/wp-json\/wp\/v2\/pages"}],"about":[{"href":"https:\/\/tcn-mauritanie.com\/index.php\/wp-json\/wp\/v2\/types\/page"}],"author":[{"embeddable":true,"href":"https:\/\/tcn-mauritanie.com\/index.php\/wp-json\/wp\/v2\/users\/1"}],"replies":[{"embeddable":true,"href":"https:\/\/tcn-mauritanie.com\/index.php\/wp-json\/wp\/v2\/comments?post=242"}],"version-history":[{"count":5,"href":"https:\/\/tcn-mauritanie.com\/index.php\/wp-json\/wp\/v2\/pages\/242\/revisions"}],"predecessor-version":[{"id":462,"href":"https:\/\/tcn-mauritanie.com\/index.php\/wp-json\/wp\/v2\/pages\/242\/revisions\/462"}],"wp:attachment":[{"href":"https:\/\/tcn-mauritanie.com\/index.php\/wp-json\/wp\/v2\/media?parent=242"}],"curies":[{"name":"wp","href":"https:\/\/api.w.org\/{rel}","templated":true}]}}